{"id":5,"date":"2018-09-29T10:22:35","date_gmt":"2018-09-29T10:22:35","guid":{"rendered":"https:\/\/scarfield.de\/?page_id=5"},"modified":"2024-08-07T16:27:40","modified_gmt":"2024-08-07T16:27:40","slug":"start","status":"publish","type":"page","link":"https:\/\/scarfield.de\/","title":{"rendered":"Start"},"content":{"rendered":"<p>[et_pb_section fb_built=&#8220;1&#8243; fullwidth=&#8220;on&#8220; _builder_version=&#8220;4.16&#8243; custom_padding=&#8220;0px|0px|0|0px|false|false&#8220; bottom_divider_color=&#8220;#FFFFFF&#8220; bottom_divider_height=&#8220;50px&#8220; global_colors_info=&#8220;{}&#8220;][et_pb_fullwidth_slider show_arrows=&#8220;off&#8220; show_pagination=&#8220;off&#8220; admin_label=&#8220;Start&#8220; _builder_version=&#8220;4.17.4&#8243; custom_padding=&#8220;12px|||||&#8220; global_colors_info=&#8220;{}&#8220; button_text_size__hover_enabled=&#8220;off&#8220; button_one_text_size__hover_enabled=&#8220;off&#8220; button_two_text_size__hover_enabled=&#8220;off&#8220; button_text_color__hover_enabled=&#8220;off&#8220; button_one_text_color__hover_enabled=&#8220;off&#8220; button_two_text_color__hover_enabled=&#8220;off&#8220; button_border_width__hover_enabled=&#8220;off&#8220; button_one_border_width__hover_enabled=&#8220;off&#8220; button_two_border_width__hover_enabled=&#8220;off&#8220; button_border_color__hover_enabled=&#8220;off&#8220; button_one_border_color__hover_enabled=&#8220;off&#8220; button_two_border_color__hover_enabled=&#8220;off&#8220; button_border_radius__hover_enabled=&#8220;off&#8220; button_one_border_radius__hover_enabled=&#8220;off&#8220; button_two_border_radius__hover_enabled=&#8220;off&#8220; button_letter_spacing__hover_enabled=&#8220;off&#8220; button_one_letter_spacing__hover_enabled=&#8220;off&#8220; button_two_letter_spacing__hover_enabled=&#8220;off&#8220; button_bg_color__hover_enabled=&#8220;off&#8220; button_one_bg_color__hover_enabled=&#8220;off&#8220; button_two_bg_color__hover_enabled=&#8220;off&#8220;][et_pb_slide use_bg_overlay=&#8220;off&#8220; use_text_overlay=&#8220;off&#8220; _builder_version=&#8220;4.17.4&#8243; background_color=&#8220;#000000&#8243; background_enable_color=&#8220;on&#8220; background_enable_image=&#8220;off&#8220; parallax=&#8220;on&#8220; button_on_hover=&#8220;on&#8220; global_colors_info=&#8220;{}&#8220; button_text_size__hover_enabled=&#8220;off&#8220; button_one_text_size__hover_enabled=&#8220;off&#8220; button_two_text_size__hover_enabled=&#8220;off&#8220; button_text_color__hover_enabled=&#8220;off&#8220; button_one_text_color__hover_enabled=&#8220;off&#8220; button_two_text_color__hover_enabled=&#8220;off&#8220; button_border_width__hover_enabled=&#8220;off&#8220; button_one_border_width__hover_enabled=&#8220;off&#8220; button_two_border_width__hover_enabled=&#8220;off&#8220; button_border_color__hover_enabled=&#8220;off&#8220; button_one_border_color__hover_enabled=&#8220;off&#8220; button_two_border_color__hover_enabled=&#8220;off&#8220; button_border_radius__hover_enabled=&#8220;off&#8220; button_one_border_radius__hover_enabled=&#8220;off&#8220; button_two_border_radius__hover_enabled=&#8220;off&#8220; button_letter_spacing__hover_enabled=&#8220;off&#8220; button_one_letter_spacing__hover_enabled=&#8220;off&#8220; button_two_letter_spacing__hover_enabled=&#8220;off&#8220; button_bg_color__hover_enabled=&#8220;off&#8220; button_one_bg_color__hover_enabled=&#8220;off&#8220; button_two_bg_color__hover_enabled=&#8220;off&#8220; sticky_transition=&#8220;on&#8220;]<\/p>\n<p>&nbsp;<\/p>\n<p>&nbsp;<\/p>\n<p>&nbsp;<\/p>\n<p>&nbsp;<\/p>\n<p>&nbsp;<\/p>\n<p><img loading=\"lazy\" decoding=\"async\" width=\"1241\" height=\"574\" class=\"size-medium wp-image-6 aligncenter\" src=\"https:\/\/scarfield.de\/wp-content\/uploads\/2018\/09\/Scarfield_Logo.png\" alt=\"\" srcset=\"https:\/\/scarfield.de\/wp-content\/uploads\/2018\/09\/Scarfield_Logo.png 1241w, https:\/\/scarfield.de\/wp-content\/uploads\/2018\/09\/Scarfield_Logo-300x139.png 300w, https:\/\/scarfield.de\/wp-content\/uploads\/2018\/09\/Scarfield_Logo-768x355.png 768w, https:\/\/scarfield.de\/wp-content\/uploads\/2018\/09\/Scarfield_Logo-1024x474.png 1024w, https:\/\/scarfield.de\/wp-content\/uploads\/2018\/09\/Scarfield_Logo-1080x500.png 1080w\" sizes=\"(max-width: 1241px) 100vw, 1241px\" \/><\/p>\n<p>[\/et_pb_slide][\/et_pb_fullwidth_slider][\/et_pb_section][et_pb_section fb_built=&#8220;1&#8243; _builder_version=&#8220;4.16&#8243; background_image=&#8220;https:\/\/scarfield.de\/wp-content\/uploads\/2018\/09\/Scarfield_hg.jpg&#8220; parallax=&#8220;on&#8220; custom_padding=&#8220;0|0px|54px|0px|false|false&#8220; top_divider_color=&#8220;#FFFFFF&#8220; global_colors_info=&#8220;{}&#8220;][et_pb_row _builder_version=&#8220;4.16&#8243; global_colors_info=&#8220;{}&#8220;][et_pb_column type=&#8220;4_4&#8243; _builder_version=&#8220;4.16&#8243; custom_padding=&#8220;|||&#8220; global_colors_info=&#8220;{}&#8220; custom_padding__hover=&#8220;|||&#8220;][et_pb_text _builder_version=&#8220;4.16&#8243; text_font=&#8220;x terminationotf||||||||&#8220; text_font_size=&#8220;150px&#8220; text_letter_spacing=&#8220;11px&#8220; text_line_height=&#8220;0.9em&#8220; header_font=&#8220;x terminationotf||||||||&#8220; header_font_size=&#8220;39px&#8220; background_layout=&#8220;dark&#8220; custom_margin=&#8220;60px|||&#8220; global_colors_info=&#8220;{}&#8220;]<\/p>\n<p style=\"text-align: center;\">scar<br \/>\nwhat ?<\/p>\n<p>[\/et_pb_text][\/et_pb_column][\/et_pb_row][et_pb_row _builder_version=&#8220;4.16&#8243; background_size=&#8220;initial&#8220; background_position=&#8220;top_left&#8220; background_repeat=&#8220;repeat&#8220; global_colors_info=&#8220;{}&#8220;][et_pb_column type=&#8220;4_4&#8243; _builder_version=&#8220;4.16&#8243; custom_padding=&#8220;|||&#8220; global_colors_info=&#8220;{}&#8220; custom_padding__hover=&#8220;|||&#8220;][et_pb_text _builder_version=&#8220;4.16&#8243; text_font=&#8220;|500|||||||&#8220; background_layout=&#8220;dark&#8220; global_colors_info=&#8220;{}&#8220;]<\/p>\n<p style=\"text-align: center;\">Scarfield, Mann!<br \/>Das sind fette Riffs, treibende Beats, eing\u00e4ngiger Gesang mit Scream and Shouts, scharfe Elektro-Sounds und Texte mit Tiefgang &#8211; mit einem Wort, Scarfield ist ein Brett! Auf der B\u00fchne entfachen die 3 Halunken eine Energie, die sich ab dem ersten Song auf das Publikum \u00fcbertr\u00e4gt und da bleibt bis der letzte Ton verstummt ist.<\/p>\n<p style=\"text-align: center;\">Scarfield setzt sich aus einem Haufen erfahrener Mukker zusammen, die sich gefunden haben um dem werten Zuh\u00f6rer so richtig was auf die Ohren zu geben&#8230; und nat\u00fcrlich um die Mukke zu machen, die Ihnen im Blut liegt.<\/p>\n<p style=\"text-align: center;\">Stilistisch bewegt man sich irgendwo im Schwimmerbereich des Alternative Rocks wobei auf der B\u00fchne auch Ausfl\u00fcge ins Kinderbecken nicht auszuschlie\u00dfen sind.<\/p>\n<p style=\"text-align: center;\">Also schnallt eure Sandaletten an, es wird laut!<\/p>\n<p>[\/et_pb_text][\/et_pb_column][\/et_pb_row][et_pb_row column_structure=&#8220;1_3,1_3,1_3&#8243; _builder_version=&#8220;4.16&#8243; custom_margin=&#8220;||50px|&#8220; custom_padding=&#8220;50px||50px|&#8220; global_colors_info=&#8220;{}&#8220;][et_pb_column type=&#8220;1_3&#8243; _builder_version=&#8220;4.16&#8243; custom_padding=&#8220;|||&#8220; global_colors_info=&#8220;{}&#8220; custom_padding__hover=&#8220;|||&#8220;][et_pb_team_member name=&#8220;Sven&#8220; position=&#8220;Gesang, Gitarre&#8220; image_url=&#8220;https:\/\/scarfield.de\/wp-content\/uploads\/2018\/09\/sven.png&#8220; _builder_version=&#8220;4.16&#8243; text_orientation=&#8220;center&#8220; background_layout=&#8220;dark&#8220; border_color_all_image=&#8220;#e0e0e0&#8243; global_colors_info=&#8220;{}&#8220;][\/et_pb_team_member][\/et_pb_column][et_pb_column type=&#8220;1_3&#8243; _builder_version=&#8220;4.16&#8243; custom_padding=&#8220;|||&#8220; global_colors_info=&#8220;{}&#8220; custom_padding__hover=&#8220;|||&#8220;][et_pb_team_member name=&#8220;Simi&#8220; position=&#8220;Schlagzeug&#8220; image_url=&#8220;https:\/\/scarfield.de\/wp-content\/uploads\/2018\/09\/simi.png&#8220; _builder_version=&#8220;4.16&#8243; text_orientation=&#8220;center&#8220; background_layout=&#8220;dark&#8220; border_color_all_image=&#8220;#e0e0e0&#8243; global_colors_info=&#8220;{}&#8220;][\/et_pb_team_member][\/et_pb_column][et_pb_column type=&#8220;1_3&#8243; _builder_version=&#8220;4.16&#8243; custom_padding=&#8220;|||&#8220; global_colors_info=&#8220;{}&#8220; custom_padding__hover=&#8220;|||&#8220;][et_pb_team_member name=&#8220;Franky&#8220; position=&#8220;Keys&#8220; image_url=&#8220;https:\/\/scarfield.de\/wp-content\/uploads\/2018\/09\/frank.png&#8220; _builder_version=&#8220;4.16&#8243; text_orientation=&#8220;center&#8220; background_layout=&#8220;dark&#8220; border_color_all_image=&#8220;#e0e0e0&#8243; global_colors_info=&#8220;{}&#8220;][\/et_pb_team_member][\/et_pb_column][\/et_pb_row][et_pb_row _builder_version=&#8220;4.16&#8243; custom_margin=&#8220;60px||80px|&#8220; custom_padding=&#8220;0px|0px|10px|0px&#8220; global_colors_info=&#8220;{}&#8220;][et_pb_column type=&#8220;4_4&#8243; _builder_version=&#8220;4.16&#8243; custom_padding=&#8220;|||&#8220; global_colors_info=&#8220;{}&#8220; custom_padding__hover=&#8220;|||&#8220;][et_pb_text _builder_version=&#8220;4.16&#8243; text_font=&#8220;x terminationotf||||||||&#8220; text_font_size=&#8220;150px&#8220; header_font=&#8220;x terminationotf||||||||&#8220; header_font_size=&#8220;39px&#8220; background_layout=&#8220;dark&#8220; text_font_size_tablet=&#8220;&#8220; text_font_size_phone=&#8220;98px&#8220; text_font_size_last_edited=&#8220;on|phone&#8220; global_colors_info=&#8220;{}&#8220;]<\/p>\n<p style=\"text-align: center;\">MUKKE<\/p>\n<p>[\/et_pb_text][\/et_pb_column][\/et_pb_row][et_pb_row _builder_version=&#8220;4.16&#8243; background_size=&#8220;initial&#8220; background_position=&#8220;top_left&#8220; background_repeat=&#8220;repeat&#8220; custom_padding=&#8220;0|0px|0|0px|false|false&#8220; global_colors_info=&#8220;{}&#8220;][et_pb_column type=&#8220;4_4&#8243; _builder_version=&#8220;4.16&#8243; custom_padding=&#8220;|||&#8220; global_colors_info=&#8220;{}&#8220; custom_padding__hover=&#8220;|||&#8220;][et_pb_audio audio=&#8220;https:\/\/scarfield.de\/wp-content\/uploads\/2018\/09\/Scars.mp3&#8243; title=&#8220;SCARS&#8220; _builder_version=&#8220;4.16&#8243; title_level=&#8220;h1&#8243; title_font_size=&#8220;16px&#8220; title_line_height=&#8220;1em&#8220; background_color=&#8220;rgba(196,196,196,0.11)&#8220; text_orientation=&#8220;left&#8220; custom_margin=&#8220;0px|0px|5px|0px&#8220; custom_padding=&#8220;11px||11px|&#8220; global_colors_info=&#8220;{}&#8220;][\/et_pb_audio][et_pb_audio audio=&#8220;https:\/\/scarfield.de\/wp-content\/uploads\/2018\/09\/World-is-burning.mp3&#8243; title=&#8220;WORLD IS BURNING&#8220; _builder_version=&#8220;4.16&#8243; title_level=&#8220;h1&#8243; title_font_size=&#8220;16px&#8220; title_line_height=&#8220;1em&#8220; background_color=&#8220;rgba(196,196,196,0.11)&#8220; text_orientation=&#8220;left&#8220; custom_margin=&#8220;0px|0px|5px|0px&#8220; custom_padding=&#8220;11px||11px|&#8220; global_colors_info=&#8220;{}&#8220;][\/et_pb_audio][et_pb_audio audio=&#8220;https:\/\/scarfield.de\/wp-content\/uploads\/2018\/09\/let-us-live.mp3&#8243; title=&#8220;LET US LIVE&#8220; _builder_version=&#8220;4.16&#8243; title_level=&#8220;h1&#8243; title_font_size=&#8220;16px&#8220; title_line_height=&#8220;1em&#8220; background_color=&#8220;rgba(196,196,196,0.11)&#8220; text_orientation=&#8220;left&#8220; custom_margin=&#8220;0px|0px|5px|0px&#8220; custom_padding=&#8220;11px||11px|&#8220; global_colors_info=&#8220;{}&#8220;][\/et_pb_audio][\/et_pb_column][\/et_pb_row][et_pb_row _builder_version=&#8220;4.16&#8243; custom_margin=&#8220;100px|||&#8220; global_colors_info=&#8220;{}&#8220;][et_pb_column type=&#8220;4_4&#8243; _builder_version=&#8220;4.16&#8243; custom_padding=&#8220;|||&#8220; global_colors_info=&#8220;{}&#8220; custom_padding__hover=&#8220;|||&#8220;][et_pb_text _builder_version=&#8220;4.16&#8243; text_font=&#8220;x terminationotf||||||||&#8220; text_font_size=&#8220;150px&#8220; text_letter_spacing=&#8220;9px&#8220; header_font=&#8220;x terminationotf||||||||&#8220; header_font_size=&#8220;39px&#8220; background_layout=&#8220;dark&#8220; text_font_size_tablet=&#8220;&#8220; text_font_size_phone=&#8220;73px&#8220; text_font_size_last_edited=&#8220;on|phone&#8220; text_letter_spacing_tablet=&#8220;&#8220; text_letter_spacing_phone=&#8220;3px&#8220; text_letter_spacing_last_edited=&#8220;on|phone&#8220; global_colors_info=&#8220;{}&#8220;]<\/p>\n<p style=\"text-align: center;\">Schreib uns<\/p>\n<p>[\/et_pb_text][et_pb_contact_form captcha=&#8220;off&#8220; email=&#8220;info@scarfield.de&#8220; success_message=&#8220;Danke f\u00fcr deine Nachricht!&#8220; _builder_version=&#8220;4.16&#8243; _unique_id=&#8220;70f3ff29-3b1f-45ad-a54b-2d7f163ae774&#8243; title_letter_spacing=&#8220;10px&#8220; custom_margin=&#8220;80px|||&#8220; global_colors_info=&#8220;{}&#8220;][et_pb_contact_field field_id=&#8220;Name&#8220; field_title=&#8220;Name&#8220; _builder_version=&#8220;4.16&#8243; global_colors_info=&#8220;{}&#8220; button_text_size__hover_enabled=&#8220;off&#8220; button_one_text_size__hover_enabled=&#8220;off&#8220; button_two_text_size__hover_enabled=&#8220;off&#8220; button_text_color__hover_enabled=&#8220;off&#8220; button_one_text_color__hover_enabled=&#8220;off&#8220; button_two_text_color__hover_enabled=&#8220;off&#8220; button_border_width__hover_enabled=&#8220;off&#8220; button_one_border_width__hover_enabled=&#8220;off&#8220; button_two_border_width__hover_enabled=&#8220;off&#8220; button_border_color__hover_enabled=&#8220;off&#8220; button_one_border_color__hover_enabled=&#8220;off&#8220; button_two_border_color__hover_enabled=&#8220;off&#8220; button_border_radius__hover_enabled=&#8220;off&#8220; button_one_border_radius__hover_enabled=&#8220;off&#8220; button_two_border_radius__hover_enabled=&#8220;off&#8220; button_letter_spacing__hover_enabled=&#8220;off&#8220; button_one_letter_spacing__hover_enabled=&#8220;off&#8220; button_two_letter_spacing__hover_enabled=&#8220;off&#8220; button_bg_color__hover_enabled=&#8220;off&#8220; button_one_bg_color__hover_enabled=&#8220;off&#8220; button_two_bg_color__hover_enabled=&#8220;off&#8220;][\/et_pb_contact_field][et_pb_contact_field field_id=&#8220;Email&#8220; field_title=&#8220;E-Mail-Adresse&#8220; field_type=&#8220;email&#8220; _builder_version=&#8220;4.16&#8243; global_colors_info=&#8220;{}&#8220; button_text_size__hover_enabled=&#8220;off&#8220; button_one_text_size__hover_enabled=&#8220;off&#8220; button_two_text_size__hover_enabled=&#8220;off&#8220; button_text_color__hover_enabled=&#8220;off&#8220; button_one_text_color__hover_enabled=&#8220;off&#8220; button_two_text_color__hover_enabled=&#8220;off&#8220; button_border_width__hover_enabled=&#8220;off&#8220; button_one_border_width__hover_enabled=&#8220;off&#8220; button_two_border_width__hover_enabled=&#8220;off&#8220; button_border_color__hover_enabled=&#8220;off&#8220; button_one_border_color__hover_enabled=&#8220;off&#8220; button_two_border_color__hover_enabled=&#8220;off&#8220; button_border_radius__hover_enabled=&#8220;off&#8220; button_one_border_radius__hover_enabled=&#8220;off&#8220; button_two_border_radius__hover_enabled=&#8220;off&#8220; button_letter_spacing__hover_enabled=&#8220;off&#8220; button_one_letter_spacing__hover_enabled=&#8220;off&#8220; button_two_letter_spacing__hover_enabled=&#8220;off&#8220; button_bg_color__hover_enabled=&#8220;off&#8220; button_one_bg_color__hover_enabled=&#8220;off&#8220; button_two_bg_color__hover_enabled=&#8220;off&#8220;][\/et_pb_contact_field][et_pb_contact_field field_id=&#8220;Message&#8220; field_title=&#8220;Nachricht&#8220; field_type=&#8220;text&#8220; fullwidth_field=&#8220;on&#8220; _builder_version=&#8220;4.16&#8243; global_colors_info=&#8220;{}&#8220; button_text_size__hover_enabled=&#8220;off&#8220; button_one_text_size__hover_enabled=&#8220;off&#8220; button_two_text_size__hover_enabled=&#8220;off&#8220; button_text_color__hover_enabled=&#8220;off&#8220; button_one_text_color__hover_enabled=&#8220;off&#8220; button_two_text_color__hover_enabled=&#8220;off&#8220; button_border_width__hover_enabled=&#8220;off&#8220; button_one_border_width__hover_enabled=&#8220;off&#8220; button_two_border_width__hover_enabled=&#8220;off&#8220; button_border_color__hover_enabled=&#8220;off&#8220; button_one_border_color__hover_enabled=&#8220;off&#8220; button_two_border_color__hover_enabled=&#8220;off&#8220; button_border_radius__hover_enabled=&#8220;off&#8220; button_one_border_radius__hover_enabled=&#8220;off&#8220; button_two_border_radius__hover_enabled=&#8220;off&#8220; button_letter_spacing__hover_enabled=&#8220;off&#8220; button_one_letter_spacing__hover_enabled=&#8220;off&#8220; button_two_letter_spacing__hover_enabled=&#8220;off&#8220; button_bg_color__hover_enabled=&#8220;off&#8220; button_one_bg_color__hover_enabled=&#8220;off&#8220; button_two_bg_color__hover_enabled=&#8220;off&#8220;][\/et_pb_contact_field][\/et_pb_contact_form][\/et_pb_column][\/et_pb_row][\/et_pb_section][et_pb_section fb_built=&#8220;1&#8243; _builder_version=&#8220;4.16&#8243; background_color=&#8220;#000000&#8243; custom_margin=&#8220;0px|0px|0px|0px&#8220; custom_padding=&#8220;0px|0px|0px|0px&#8220; global_colors_info=&#8220;{}&#8220;][et_pb_row _builder_version=&#8220;4.16&#8243; background_size=&#8220;initial&#8220; background_position=&#8220;top_left&#8220; background_repeat=&#8220;repeat&#8220; global_colors_info=&#8220;{}&#8220;][et_pb_column type=&#8220;4_4&#8243; _builder_version=&#8220;4.16&#8243; custom_padding=&#8220;|||&#8220; global_colors_info=&#8220;{}&#8220; custom_padding__hover=&#8220;|||&#8220;][et_pb_text _builder_version=&#8220;4.17.4&#8243; global_colors_info=&#8220;{}&#8220;]<\/p>\n<p style=\"text-align: center;\"><span style=\"color: #ffffff;\">Scarfield 2022<\/span> \u00a0| \u00a0<a href=\"https:\/\/scarfield.de\/?page_id=121\" target=\"_blank\" rel=\"noopener\">Impressum<\/a> | \u00a0<a href=\"https:\/\/scarfield.de\/?page_id=131\" target=\"_blank\" rel=\"noopener\">Datenschutz<\/a><\/p>\n<p>[\/et_pb_text][\/et_pb_column][\/et_pb_row][\/et_pb_section]<\/p>\n","protected":false},"excerpt":{"rendered":"<p>&nbsp; &nbsp; &nbsp; &nbsp; &nbsp; scar what ? Scarfield, Mann!Das sind fette Riffs, treibende Beats, eing\u00e4ngiger Gesang mit Scream and Shouts, scharfe Elektro-Sounds und Texte mit Tiefgang &#8211; mit einem Wort, Scarfield ist ein Brett! Auf der B\u00fchne entfachen die 3 Halunken eine Energie, die sich ab dem ersten Song auf das Publikum \u00fcbertr\u00e4gt und [&hellip;]<\/p>\n","protected":false},"author":1,"featured_media":0,"parent":0,"menu_order":0,"comment_status":"closed","ping_status":"closed","template":"","meta":{"_et_pb_use_builder":"on","_et_pb_old_content":"","_et_gb_content_width":"","footnotes":""},"class_list":["post-5","page","type-page","status-publish","hentry"],"_links":{"self":[{"href":"https:\/\/scarfield.de\/index.php?rest_route=\/wp\/v2\/pages\/5","targetHints":{"allow":["GET"]}}],"collection":[{"href":"https:\/\/scarfield.de\/index.php?rest_route=\/wp\/v2\/pages"}],"about":[{"href":"https:\/\/scarfield.de\/index.php?rest_route=\/wp\/v2\/types\/page"}],"author":[{"embeddable":true,"href":"https:\/\/scarfield.de\/index.php?rest_route=\/wp\/v2\/users\/1"}],"replies":[{"embeddable":true,"href":"https:\/\/scarfield.de\/index.php?rest_route=%2Fwp%2Fv2%2Fcomments&post=5"}],"version-history":[{"count":84,"href":"https:\/\/scarfield.de\/index.php?rest_route=\/wp\/v2\/pages\/5\/revisions"}],"predecessor-version":[{"id":148,"href":"https:\/\/scarfield.de\/index.php?rest_route=\/wp\/v2\/pages\/5\/revisions\/148"}],"wp:attachment":[{"href":"https:\/\/scarfield.de\/index.php?rest_route=%2Fwp%2Fv2%2Fmedia&parent=5"}],"curies":[{"name":"wp","href":"https:\/\/api.w.org\/{rel}","templated":true}]}}